{"id":5423,"date":"2026-04-03T09:59:23","date_gmt":"2026-04-03T07:59:23","guid":{"rendered":"https:\/\/wentersch.nl\/?post_type=product&#038;p=5423"},"modified":"2026-04-03T10:03:55","modified_gmt":"2026-04-03T08:03:55","slug":"munten-lentemiddag","status":"publish","type":"product","link":"https:\/\/wentersch.nl\/de\/produkt\/munten-lentemiddag\/","title":{"rendered":"M\u00fcnzen Fr\u00fchlingsnachmittag (pro 10 St\u00fcck)"},"content":{"rendered":"<p>Lentemiddag in de brouwerij \ud83c\udf7a<\/p>\n<p>Op <strong>18 april<\/strong> zetten we de deuren van de brouwerij open.\u2028Een ontspannen middag tussen de ketels en op het terras.\u2028Samen met vrienden, familie en buren.<\/p>\n<p>En er is n\u00f3g een reden om langs te komen. Die middag lanceren we een nieuw, fris bier voor de lente en zomer.\u2028Voor het eerst van de tap.\u2028Voor het eerst te proeven.<\/p>\n<p>Wil je daar als eerste bij zijn?<\/p>\n<p>\u2600\ufe0f Introductie van ons nieuwe frisse bier<\/p>\n<p>\ud83c\udf54 Iets lekkers te eten<\/p>\n<p>\ud83e\udd64 Ook alcoholvrij, fris en wijn<\/p>\n<p>\ud83d\udc68\u200d\ud83d\udc69\u200d\ud83d\udc67 Kinderen welkom Je hoeft geen bierkenner te zijn.<\/p>\n<p>Loop binnen. Proef. Blijf hangen.<\/p>\n<p>&nbsp;<\/p>\n<p>\ud83c\udf9f Bestel je vooraf je muntjes? Dan krijg je \u20ac5 korting!<\/p>\n<p>Sie k\u00f6nnen Ihre Bestellbest\u00e4tigung am Nachmittag dem Personal vorzeigen. Danach erhalten Sie die gekauften M\u00fcnzen!<\/p>","protected":false},"excerpt":{"rendered":"<p>Sie bestellen Ihre Wertmarken im Voraus? Dann erhalten Sie 5 \u20ac Rabatt!<\/p>\n<p>Sie k\u00f6nnen Ihre Bestellbest\u00e4tigung am Nachmittag dem Personal vorzeigen. Danach erhalten Sie die gekauften M\u00fcnzen!<\/p>","protected":false},"featured_media":5424,"comment_status":"closed","ping_status":"closed","template":"","meta":[],"product_brand":[],"product_cat":[165,94],"product_tag":[],"class_list":{"0":"post-5423","1":"product","2":"type-product","3":"status-publish","4":"has-post-thumbnail","6":"product_cat-overig","7":"product_cat-productoverzicht","9":"first","10":"instock","11":"sale","12":"virtual","13":"taxable","14":"purchasable","15":"product-type-simple"},"yoast_head":"<!-- This site is optimized with the Yoast SEO plugin v27.3 - https:\/\/yoast.com\/product\/yoast-seo-wordpress\/ -->\n<title>Munten Lentemiddag (per 10 stuks) - Brouwerij Wentersch<\/title>\n<meta name=\"robots\" content=\"index, follow, max-snippet:-1, max-image-preview:large, max-video-preview:-1\" \/>\n<link rel=\"canonical\" href=\"https:\/\/wentersch.nl\/de\/produkt\/munten-lentemiddag\/\" \/>\n<meta property=\"og:locale\" content=\"de_DE\" \/>\n<meta property=\"og:type\" content=\"article\" \/>\n<meta property=\"og:title\" content=\"Munten Lentemiddag (per 10 stuks) - Brouwerij Wentersch\" \/>\n<meta property=\"og:description\" content=\"Bestel je vooraf je muntjes? Dan krijg je \u20ac5 korting!  Jouw bestelbevestiging kan je &#039;s middags bij het personeel laten zien. Hierna krijg je het gekochte muntjes in handen!\" \/>\n<meta property=\"og:url\" content=\"https:\/\/wentersch.nl\/de\/produkt\/munten-lentemiddag\/\" \/>\n<meta property=\"og:site_name\" content=\"Brouwerij Wentersch\" \/>\n<meta property=\"article:modified_time\" content=\"2026-04-03T08:03:55+00:00\" \/>\n<meta property=\"og:image\" content=\"https:\/\/wentersch.nl\/wp-content\/uploads\/2026\/04\/lentemiddag-website-v2.png\" \/>\n\t<meta property=\"og:image:width\" content=\"810\" \/>\n\t<meta property=\"og:image:height\" content=\"1013\" \/>\n\t<meta property=\"og:image:type\" content=\"image\/png\" \/>\n<meta name=\"twitter:card\" content=\"summary_large_image\" \/>\n<meta name=\"twitter:label1\" content=\"Gesch\u00e4tzte Lesezeit\" \/>\n\t<meta name=\"twitter:data1\" content=\"1\u00a0Minute\" \/>\n<script type=\"application\/ld+json\" class=\"yoast-schema-graph\">{\"@context\":\"https:\\\/\\\/schema.org\",\"@graph\":[{\"@type\":\"WebPage\",\"@id\":\"https:\\\/\\\/wentersch.nl\\\/product\\\/munten-lentemiddag\\\/\",\"url\":\"https:\\\/\\\/wentersch.nl\\\/product\\\/munten-lentemiddag\\\/\",\"name\":\"Munten Lentemiddag (per 10 stuks) - Brouwerij Wentersch\",\"isPartOf\":{\"@id\":\"https:\\\/\\\/wentersch.nl\\\/#website\"},\"primaryImageOfPage\":{\"@id\":\"https:\\\/\\\/wentersch.nl\\\/product\\\/munten-lentemiddag\\\/#primaryimage\"},\"image\":{\"@id\":\"https:\\\/\\\/wentersch.nl\\\/product\\\/munten-lentemiddag\\\/#primaryimage\"},\"thumbnailUrl\":\"https:\\\/\\\/wentersch.nl\\\/wp-content\\\/uploads\\\/2026\\\/04\\\/lentemiddag-website-v2.png\",\"datePublished\":\"2026-04-03T07:59:23+00:00\",\"dateModified\":\"2026-04-03T08:03:55+00:00\",\"breadcrumb\":{\"@id\":\"https:\\\/\\\/wentersch.nl\\\/product\\\/munten-lentemiddag\\\/#breadcrumb\"},\"inLanguage\":\"de\",\"potentialAction\":[{\"@type\":\"ReadAction\",\"target\":[\"https:\\\/\\\/wentersch.nl\\\/product\\\/munten-lentemiddag\\\/\"]}]},{\"@type\":\"ImageObject\",\"inLanguage\":\"de\",\"@id\":\"https:\\\/\\\/wentersch.nl\\\/product\\\/munten-lentemiddag\\\/#primaryimage\",\"url\":\"https:\\\/\\\/wentersch.nl\\\/wp-content\\\/uploads\\\/2026\\\/04\\\/lentemiddag-website-v2.png\",\"contentUrl\":\"https:\\\/\\\/wentersch.nl\\\/wp-content\\\/uploads\\\/2026\\\/04\\\/lentemiddag-website-v2.png\",\"width\":810,\"height\":1013},{\"@type\":\"BreadcrumbList\",\"@id\":\"https:\\\/\\\/wentersch.nl\\\/product\\\/munten-lentemiddag\\\/#breadcrumb\",\"itemListElement\":[{\"@type\":\"ListItem\",\"position\":1,\"name\":\"Home\",\"item\":\"https:\\\/\\\/wentersch.nl\\\/\"},{\"@type\":\"ListItem\",\"position\":2,\"name\":\"Webwinkel\",\"item\":\"https:\\\/\\\/wentersch.nl\\\/webwinkel\\\/\"},{\"@type\":\"ListItem\",\"position\":3,\"name\":\"Munten Lentemiddag (per 10 stuks)\"}]},{\"@type\":\"WebSite\",\"@id\":\"https:\\\/\\\/wentersch.nl\\\/#website\",\"url\":\"https:\\\/\\\/wentersch.nl\\\/\",\"name\":\"Brouwerij Wentersch\",\"description\":\"Bierbeleving bij brouwerij Wentersch Winterswijk\",\"potentialAction\":[{\"@type\":\"SearchAction\",\"target\":{\"@type\":\"EntryPoint\",\"urlTemplate\":\"https:\\\/\\\/wentersch.nl\\\/?s={search_term_string}\"},\"query-input\":{\"@type\":\"PropertyValueSpecification\",\"valueRequired\":true,\"valueName\":\"search_term_string\"}}],\"inLanguage\":\"de\"}]}<\/script>\n<!-- \/ Yoast SEO plugin. -->","yoast_head_json":{"title":"Munten Lentemiddag (per 10 stuks) - Brouwerij Wentersch","robots":{"index":"index","follow":"follow","max-snippet":"max-snippet:-1","max-image-preview":"max-image-preview:large","max-video-preview":"max-video-preview:-1"},"canonical":"https:\/\/wentersch.nl\/de\/produkt\/munten-lentemiddag\/","og_locale":"de_DE","og_type":"article","og_title":"Munten Lentemiddag (per 10 stuks) - Brouwerij Wentersch","og_description":"Bestel je vooraf je muntjes? Dan krijg je \u20ac5 korting!  Jouw bestelbevestiging kan je 's middags bij het personeel laten zien. Hierna krijg je het gekochte muntjes in handen!","og_url":"https:\/\/wentersch.nl\/de\/produkt\/munten-lentemiddag\/","og_site_name":"Brouwerij Wentersch","article_modified_time":"2026-04-03T08:03:55+00:00","og_image":[{"width":810,"height":1013,"url":"https:\/\/wentersch.nl\/wp-content\/uploads\/2026\/04\/lentemiddag-website-v2.png","type":"image\/png"}],"twitter_card":"summary_large_image","twitter_misc":{"Gesch\u00e4tzte Lesezeit":"1\u00a0Minute"},"schema":{"@context":"https:\/\/schema.org","@graph":[{"@type":"WebPage","@id":"https:\/\/wentersch.nl\/product\/munten-lentemiddag\/","url":"https:\/\/wentersch.nl\/product\/munten-lentemiddag\/","name":"Munten Lentemiddag (per 10 stuks) - Brouwerij Wentersch","isPartOf":{"@id":"https:\/\/wentersch.nl\/#website"},"primaryImageOfPage":{"@id":"https:\/\/wentersch.nl\/product\/munten-lentemiddag\/#primaryimage"},"image":{"@id":"https:\/\/wentersch.nl\/product\/munten-lentemiddag\/#primaryimage"},"thumbnailUrl":"https:\/\/wentersch.nl\/wp-content\/uploads\/2026\/04\/lentemiddag-website-v2.png","datePublished":"2026-04-03T07:59:23+00:00","dateModified":"2026-04-03T08:03:55+00:00","breadcrumb":{"@id":"https:\/\/wentersch.nl\/product\/munten-lentemiddag\/#breadcrumb"},"inLanguage":"de","potentialAction":[{"@type":"ReadAction","target":["https:\/\/wentersch.nl\/product\/munten-lentemiddag\/"]}]},{"@type":"ImageObject","inLanguage":"de","@id":"https:\/\/wentersch.nl\/product\/munten-lentemiddag\/#primaryimage","url":"https:\/\/wentersch.nl\/wp-content\/uploads\/2026\/04\/lentemiddag-website-v2.png","contentUrl":"https:\/\/wentersch.nl\/wp-content\/uploads\/2026\/04\/lentemiddag-website-v2.png","width":810,"height":1013},{"@type":"BreadcrumbList","@id":"https:\/\/wentersch.nl\/product\/munten-lentemiddag\/#breadcrumb","itemListElement":[{"@type":"ListItem","position":1,"name":"Home","item":"https:\/\/wentersch.nl\/"},{"@type":"ListItem","position":2,"name":"Webwinkel","item":"https:\/\/wentersch.nl\/webwinkel\/"},{"@type":"ListItem","position":3,"name":"Munten Lentemiddag (per 10 stuks)"}]},{"@type":"WebSite","@id":"https:\/\/wentersch.nl\/#website","url":"https:\/\/wentersch.nl\/","name":"Brouwerij Wentersch","description":"Bierbeleving bij brouwerij Wentersch Winterswijk","potentialAction":[{"@type":"SearchAction","target":{"@type":"EntryPoint","urlTemplate":"https:\/\/wentersch.nl\/?s={search_term_string}"},"query-input":{"@type":"PropertyValueSpecification","valueRequired":true,"valueName":"search_term_string"}}],"inLanguage":"de"}]}},"_links":{"self":[{"href":"https:\/\/wentersch.nl\/de\/wp-json\/wp\/v2\/product\/5423","targetHints":{"allow":["GET"]}}],"collection":[{"href":"https:\/\/wentersch.nl\/de\/wp-json\/wp\/v2\/product"}],"about":[{"href":"https:\/\/wentersch.nl\/de\/wp-json\/wp\/v2\/types\/product"}],"replies":[{"embeddable":true,"href":"https:\/\/wentersch.nl\/de\/wp-json\/wp\/v2\/comments?post=5423"}],"version-history":[{"count":4,"href":"https:\/\/wentersch.nl\/de\/wp-json\/wp\/v2\/product\/5423\/revisions"}],"predecessor-version":[{"id":5428,"href":"https:\/\/wentersch.nl\/de\/wp-json\/wp\/v2\/product\/5423\/revisions\/5428"}],"wp:featuredmedia":[{"embeddable":true,"href":"https:\/\/wentersch.nl\/de\/wp-json\/wp\/v2\/media\/5424"}],"wp:attachment":[{"href":"https:\/\/wentersch.nl\/de\/wp-json\/wp\/v2\/media?parent=5423"}],"wp:term":[{"taxonomy":"product_brand","embeddable":true,"href":"https:\/\/wentersch.nl\/de\/wp-json\/wp\/v2\/product_brand?post=5423"},{"taxonomy":"product_cat","embeddable":true,"href":"https:\/\/wentersch.nl\/de\/wp-json\/wp\/v2\/product_cat?post=5423"},{"taxonomy":"product_tag","embeddable":true,"href":"https:\/\/wentersch.nl\/de\/wp-json\/wp\/v2\/product_tag?post=5423"}],"curies":[{"name":"wp","href":"https:\/\/api.w.org\/{rel}","templated":true}]}}